{"id":1068,"date":"2021-06-28T13:19:48","date_gmt":"2021-06-28T11:19:48","guid":{"rendered":"https:\/\/redico.eu\/team\/"},"modified":"2025-12-10T13:34:50","modified_gmt":"2025-12-10T12:34:50","slug":"team","status":"publish","type":"page","link":"https:\/\/redico.eu\/de\/team\/","title":{"rendered":"Team"},"content":{"rendered":"<p>[et_pb_section fb_built=&#8220;1&#8243; admin_label=&#8220;Team-Section&#8220; module_class=&#8220;bg-gradient-team dark-bg&#8220; _builder_version=&#8220;4.16&#8243; _module_preset=&#8220;default&#8220; background_enable_color=&#8220;off&#8220; background_color_gradient_direction=&#8220;45deg&#8220; custom_padding=&#8220;75px||75px||false|false&#8220; global_colors_info=&#8220;{}&#8220;][et_pb_row column_structure=&#8220;1_2,1_2&#8243; use_custom_gutter=&#8220;on&#8220; gutter_width=&#8220;2&#8243; _builder_version=&#8220;4.16&#8243; _module_preset=&#8220;default&#8220; custom_margin=&#8220;||||false|false&#8220; custom_padding=&#8220;||||false|false&#8220; custom_css_main_element=&#8220;display:flex&#8220; global_colors_info=&#8220;{}&#8220;][et_pb_column type=&#8220;1_2&#8243; _builder_version=&#8220;4.16&#8243; _module_preset=&#8220;default&#8220; custom_css_main_element=&#8220;margin:auto;&#8220; global_colors_info=&#8220;{}&#8220;][et_pb_text admin_label=&#8220;Headline&#8220; _builder_version=&#8220;4.16&#8243; _module_preset=&#8220;default&#8220; global_colors_info=&#8220;{}&#8220;]<\/p>\n<h1>Team &#038; Netzwerk<\/h1>\n<p>[\/et_pb_text][\/et_pb_column][et_pb_column type=&#8220;1_2&#8243; _builder_version=&#8220;4.16&#8243; _module_preset=&#8220;default&#8220; global_colors_info=&#8220;{}&#8220;][et_pb_image src=&#8220;https:\/\/redico.eu\/wp-content\/uploads\/2021\/06\/line-art-team.svg&#8220; title_text=&#8220;line-art-team&#8220; _builder_version=&#8220;4.16&#8243; _module_preset=&#8220;default&#8220; custom_margin=&#8220;||||false|false&#8220; global_colors_info=&#8220;{}&#8220;][\/et_pb_image][\/et_pb_column][\/et_pb_row][\/et_pb_section][et_pb_section fb_built=&#8220;1&#8243; _builder_version=&#8220;4.27.2&#8243; _module_preset=&#8220;default&#8220; custom_padding=&#8220;100px||50px||false|false&#8220; global_colors_info=&#8220;{}&#8220;][et_pb_row _builder_version=&#8220;4.16&#8243; _module_preset=&#8220;default&#8220; global_colors_info=&#8220;{}&#8220;][et_pb_column type=&#8220;4_4&#8243; _builder_version=&#8220;4.16&#8243; _module_preset=&#8220;default&#8220; global_colors_info=&#8220;{}&#8220;][et_pb_text _builder_version=&#8220;4.27.2&#8243; _module_preset=&#8220;default&#8220; global_colors_info=&#8220;{}&#8220;]<\/p>\n<h2>Diese Personen bilden den Kern von ReDICo<\/h2>\n<p>[\/et_pb_text][\/et_pb_column][\/et_pb_row][\/et_pb_section][et_pb_section fb_built=&#8220;1&#8243; _builder_version=&#8220;4.16&#8243; _module_preset=&#8220;default&#8220; global_colors_info=&#8220;{}&#8220;][et_pb_row column_structure=&#8220;1_4,3_4&#8243; use_custom_gutter=&#8220;on&#8220; gutter_width=&#8220;2&#8243; module_id=&#8220;fergal&#8220; _builder_version=&#8220;4.27.2&#8243; _module_preset=&#8220;default&#8220; custom_margin=&#8220;||||false|false&#8220; custom_padding=&#8220;||||false|false&#8220; global_colors_info=&#8220;{}&#8220;][et_pb_column type=&#8220;1_4&#8243; _builder_version=&#8220;4.16&#8243; _module_preset=&#8220;default&#8220; global_colors_info=&#8220;{}&#8220;][et_pb_image src=&#8220;https:\/\/redico.eu\/wp-content\/uploads\/2021\/06\/Fergal-Lenehan.jpg&#8220; title_text=&#8220;Fergal Lenehan&#8220; _builder_version=&#8220;4.16&#8243; _module_preset=&#8220;default&#8220; global_colors_info=&#8220;{}&#8220;][\/et_pb_image][\/et_pb_column][et_pb_column type=&#8220;3_4&#8243; _builder_version=&#8220;4.16&#8243; _module_preset=&#8220;default&#8220; global_colors_info=&#8220;{}&#8220;][et_pb_text _builder_version=&#8220;4.27.2&#8243; _module_preset=&#8220;default&#8220; global_colors_info=&#8220;{}&#8220;]<\/p>\n<h3 class=\"team-member-headline\">Fergal Lenehan<\/h3>\n<p>Wissenschaftler. Untersucht Kosmopolitismus und neo-nationalistischen Diskurs, online. Mitherausgeber von \u201cReclaiming the European Street\u201d von Michael D. Higgins, Uachtar\u00e1n Na h\u00c9ireann. Dad. Sozialer Europ\u00e4ismus. Hurling. Postet gerne Bilder von D\u00e4chern.<\/p>\n<p><img decoding=\"async\" loading=\"lazy\" class=\"wp-image-1954 alignnone size-full\" src=\"https:\/\/redico.eu\/wp-content\/uploads\/2021\/12\/2021-12-15_Mail-Fergal.png\" alt=\"\" width=\"257\" height=\"19\" \/><br \/><strong>Bluesky <a href=\"https:\/\/bsky.app\/profile\/fergallenehan.bsky.social\" target=\"_blank\" rel=\"noopener\">@fergallenehan.bsky.social<\/a><\/strong><\/p>\n<p>[\/et_pb_text][et_pb_toggle title=&#8220;Erfahren Sie mehr \u00fcber Fergal&#8220; module_class=&#8220;toggle_team_member&#8220; _builder_version=&#8220;4.20.4&#8243; _module_preset=&#8220;default&#8220; global_colors_info=&#8220;{}&#8220;]<\/p>\n<p>Fergal Lenehan forscht seit seinem Bachelorabschluss am University College Dublin zu Geistesgeschichte und Kulturwissenschaften. Nach dem Masterabschluss wurde er an der Universit\u00e4t Leipzig promoviert und an der Friedrich-Schiller Universit\u00e4t in Jena habilitiert. Er hat Monographien \u00fcber die intellektuelle Auseinandersetzung mit Europa und die mediale Darstellung Irlands in deutschen Medien verfasst. Derzeit besch\u00e4ftigt er sich mit kosmopolitischer Theorie, Cyber-Utopismus und der Plattform Twitter. Vor kurzem hat er die Mitherausgabe des Bandes <em>\u201eReclaiming the European Street: Speeches on Europe and the European Union, 2016-2020\u201d<\/em> von Irlands Pr\u00e4sident Michael D. Higgins abgeschlossen, dessen Einf\u00fchrung aus seiner Feder stammt.<\/p>\n<p><a class=\"et_pb_button\" href=\"https:\/\/www.ikdaf.uni-jena.de\/institut\/interkulturelle-wirtschaftskommunikation\/team\/pd-dr-fergal-lenehan\" target=\"_blank\" rel=\"noopener\">mehr Infos<\/a><\/p>\n<p>[\/et_pb_toggle][\/et_pb_column][\/et_pb_row][et_pb_row _builder_version=&#8220;4.27.2&#8243; _module_preset=&#8220;default&#8220; custom_margin=&#8220;||||false|false&#8220; global_colors_info=&#8220;{}&#8220;][et_pb_column type=&#8220;4_4&#8243; _builder_version=&#8220;4.16&#8243; _module_preset=&#8220;default&#8220; global_colors_info=&#8220;{}&#8220;][et_pb_divider color=&#8220;#0D2743&#8243; divider_weight=&#8220;2px&#8220; _builder_version=&#8220;4.16&#8243; _module_preset=&#8220;default&#8220; custom_margin=&#8220;||||false|false&#8220; custom_padding=&#8220;20px||20px||false|false&#8220; global_colors_info=&#8220;{}&#8220;][\/et_pb_divider][\/et_pb_column][\/et_pb_row][et_pb_row column_structure=&#8220;1_4,3_4&#8243; use_custom_gutter=&#8220;on&#8220; gutter_width=&#8220;2&#8243; module_id=&#8220;luisa&#8220; _builder_version=&#8220;4.16&#8243; _module_preset=&#8220;default&#8220; custom_margin=&#8220;0px||||false|false&#8220; global_colors_info=&#8220;{}&#8220;][et_pb_column type=&#8220;1_4&#8243; _builder_version=&#8220;4.16&#8243; _module_preset=&#8220;default&#8220; global_colors_info=&#8220;{}&#8220;][et_pb_image src=&#8220;https:\/\/redico.eu\/wp-content\/uploads\/2021\/06\/Luisa-Conti.jpg&#8220; title_text=&#8220;Luisa Conti&#8220; _builder_version=&#8220;4.16&#8243; _module_preset=&#8220;default&#8220; global_colors_info=&#8220;{}&#8220;][\/et_pb_image][\/et_pb_column][et_pb_column type=&#8220;3_4&#8243; _builder_version=&#8220;4.16&#8243; _module_preset=&#8220;default&#8220; global_colors_info=&#8220;{}&#8220;][et_pb_text _builder_version=&#8220;4.27.2&#8243; _module_preset=&#8220;default&#8220; global_colors_info=&#8220;{}&#8220;]<\/p>\n<h3 class=\"team-member-headline\">Luisa Conti<\/h3>\n<p>Dialogisch unterwegs, hinterfragt und fragt nach. Am Dialog interessiert, experimentiert und verifiziert. Wissenschaftlerin, privilegierte Migrantin, Kosmopolitin. Sucht immer ihr Handy sowie neue Schl\u00fcssel, um die Realit\u00e4t zu entziffern.<\/p>\n<p><img decoding=\"async\" loading=\"lazy\" class=\"wp-image-1958 alignnone size-full\" src=\"https:\/\/redico.eu\/wp-content\/uploads\/2021\/12\/2021-12-16_Mail-Luisa.png\" alt=\"\" width=\"226\" height=\"19\" \/><br \/><strong>LinkedIn <a href=\"https:\/\/www.linkedin.com\/in\/luisa-conti-dott-ric-20464372\/\" target=\"_blank\" rel=\"noopener\">Luisa Conti, Ph.D. <\/a><\/strong><\/p>\n<p>[\/et_pb_text][et_pb_toggle title=&#8220;Erfahren Sie mehr \u00fcber Luisa&#8220; module_class=&#8220;toggle_team_member&#8220; _builder_version=&#8220;4.20.4&#8243; _module_preset=&#8220;default&#8220; global_colors_info=&#8220;{}&#8220;]<\/p>\n<p>Luisa Conti hat Kommunikations-, Kultur- und Sprachwissenschaften an der Universit\u00e4t Udine (Italien) studiert und eine Doppelpromotion am Bereich Interkulturelle Wirtschaftskommunikation an der Friedrich-Schiller-Universit\u00e4t Jena und am Graduiertenkolleg der Erziehungswissenschaften an der Universit\u00e4t Padua (Italien) abgeschlossen. Nach einigen Forschungsaufenthalten in Lateinamerika hat sie mit dem EU-Aktionsforschungsprojekt SHARMED (SHARed MEmories and Dialogues) ihre Habilitationsforschung durchgef\u00fchrt. Aktuell ist sie im Rahmen des EU-Innovationsprojekts KIDS4ALLL (Key Inclusive Development Strategies for Long Life Learning) Supervisorin f\u00fcr die Entwicklung einer internationalen, multilingualen und inklusiven E-Learning-Plattform. Kulturvergleichende gesellschaftliche Koh\u00e4sionsprozesse, insbesondere Exklusionsmechanismen und Inklusionsstrategien, die sich on- und offline entfalten, stehen im Zentrum ihrer Forschungsinteressen, die sie dank ReDICo aus verschiedenen Blickwinkeln fortf\u00fchrt.<\/p>\n<p><a class=\"et_pb_button\" href=\"https:\/\/www.ikdaf.uni-jena.de\/institut\/interkulturelle-wirtschaftskommunikation\/team\/pd-dr-luisa-conti\" target=\"_blank\" rel=\"noopener\">mehr Infos<\/a><\/p>\n<p>[\/et_pb_toggle][\/et_pb_column][\/et_pb_row][et_pb_row _builder_version=&#8220;4.16&#8243; _module_preset=&#8220;default&#8220; custom_margin=&#8220;25px||||false|false&#8220; locked=&#8220;off&#8220; global_colors_info=&#8220;{}&#8220;][et_pb_column type=&#8220;4_4&#8243; _builder_version=&#8220;4.16&#8243; _module_preset=&#8220;default&#8220; global_colors_info=&#8220;{}&#8220;][et_pb_divider color=&#8220;#0D2743&#8243; divider_weight=&#8220;2px&#8220; _builder_version=&#8220;4.16&#8243; _module_preset=&#8220;default&#8220; custom_margin=&#8220;||||false|false&#8220; custom_padding=&#8220;20px||20px||false|false&#8220; global_colors_info=&#8220;{}&#8220;][\/et_pb_divider][\/et_pb_column][\/et_pb_row][et_pb_row column_structure=&#8220;1_4,3_4&#8243; use_custom_gutter=&#8220;on&#8220; gutter_width=&#8220;2&#8243; module_id=&#8220;roman&#8220; _builder_version=&#8220;4.27.2&#8243; _module_preset=&#8220;default&#8220; custom_margin=&#8220;||||false|false&#8220; custom_padding=&#8220;||||false|false&#8220; global_colors_info=&#8220;{}&#8220;][et_pb_column type=&#8220;1_4&#8243; _builder_version=&#8220;4.16&#8243; _module_preset=&#8220;default&#8220; global_colors_info=&#8220;{}&#8220;][et_pb_image src=&#8220;https:\/\/redico.eu\/wp-content\/uploads\/2021\/06\/Roman-Lietz-sw.jpg&#8220; title_text=&#8220;Roman Lietz sw&#8220; _builder_version=&#8220;4.27.2&#8243; _module_preset=&#8220;default&#8220; global_colors_info=&#8220;{}&#8220;][\/et_pb_image][\/et_pb_column][et_pb_column type=&#8220;3_4&#8243; _builder_version=&#8220;4.16&#8243; _module_preset=&#8220;default&#8220; global_colors_info=&#8220;{}&#8220;][et_pb_text _builder_version=&#8220;4.16&#8243; _module_preset=&#8220;default&#8220; global_colors_info=&#8220;{}&#8220;]<\/p>\n<h3 class=\"team-member-headline\">\u200bRoman Lietz<\/h3>\n<p>Bikulturell aufgewachsener Entdecker interkultureller Dialoge und integrativer Praktiken. Widmet sich Gesellschaft, Teilhabe und Zusammenhalt. Erhielt sich die jugendliche Faszination f\u00fcr die humanistisch-utopische Vision Star Treks. Interkulturalit\u00e4t als Alltagsbegleiter.<\/p>\n<p><img decoding=\"async\" loading=\"lazy\" class=\"wp-image-1965 alignnone size-full\" src=\"https:\/\/redico.eu\/wp-content\/uploads\/2021\/12\/2021-12-16_Mail-Roman-1.png\" alt=\"\" width=\"201\" height=\"20\" data-mce-fragment=\"1\" \/><\/p>\n<p>[\/et_pb_text][et_pb_toggle title=&#8220;Erfahren Sie mehr \u00fcber Roman&#8220; module_class=&#8220;toggle_team_member&#8220; _builder_version=&#8220;4.16&#8243; _module_preset=&#8220;default&#8220; global_colors_info=&#8220;{}&#8220;]<\/p>\n<p>Dr. Roman Lietz befasst sich seit \u00fcber einem Jahrzehnt mit Fragestellungen der Integration und Teilhabe im Rahmen von Akkulturation. Neben praktischer Integrationsarbeit, u. a. als ehemaliger Leiter des damals bundesweit zweitgr\u00f6\u00dften Integrationslotsenprojekts und als Interkultureller Trainer, hat er sich auch wissenschaftlich mit verschiedenen Facetten der strukturellen, kulturellen, sozialen und identifikativen Integration auseinandergesetzt. In j\u00fcngeren EIF-, BMBF- bzw. AMIF-Drittmittelprojekten hat er sich mit der Teilhabe von Migrant:innen und anderen unterrepr\u00e4sentierten Gruppen am Ehrenamt, am Vereinssport und am Bildungswesen befasst.<\/p>\n<p>[\/et_pb_toggle][\/et_pb_column][\/et_pb_row][et_pb_row _builder_version=&#8220;4.16&#8243; _module_preset=&#8220;default&#8220; custom_margin=&#8220;25px||||false|false&#8220; locked=&#8220;off&#8220; global_colors_info=&#8220;{}&#8220;][et_pb_column type=&#8220;4_4&#8243; _builder_version=&#8220;4.16&#8243; _module_preset=&#8220;default&#8220; global_colors_info=&#8220;{}&#8220;][et_pb_divider color=&#8220;#0D2743&#8243; divider_weight=&#8220;2px&#8220; _builder_version=&#8220;4.16&#8243; _module_preset=&#8220;default&#8220; custom_margin=&#8220;||||false|false&#8220; custom_padding=&#8220;20px||20px||false|false&#8220; global_colors_info=&#8220;{}&#8220;][\/et_pb_divider][\/et_pb_column][\/et_pb_row][et_pb_row column_structure=&#8220;1_4,3_4&#8243; use_custom_gutter=&#8220;on&#8220; gutter_width=&#8220;2&#8243; module_id=&#8220;milene&#8220; _builder_version=&#8220;4.27.2&#8243; _module_preset=&#8220;default&#8220; custom_margin=&#8220;||||false|false&#8220; custom_padding=&#8220;||50px||false|false&#8220; global_colors_info=&#8220;{}&#8220;][et_pb_column type=&#8220;1_4&#8243; _builder_version=&#8220;4.16&#8243; _module_preset=&#8220;default&#8220; global_colors_info=&#8220;{}&#8220;][et_pb_image src=&#8220;https:\/\/redico.eu\/wp-content\/uploads\/2021\/06\/Milene-Mendes.jpg&#8220; title_text=&#8220;Milene Mendes&#8220; _builder_version=&#8220;4.16&#8243; _module_preset=&#8220;default&#8220; global_colors_info=&#8220;{}&#8220;][\/et_pb_image][\/et_pb_column][et_pb_column type=&#8220;3_4&#8243; _builder_version=&#8220;4.16&#8243; _module_preset=&#8220;default&#8220; global_colors_info=&#8220;{}&#8220;][et_pb_text _builder_version=&#8220;4.27.2&#8243; _module_preset=&#8220;default&#8220; global_colors_info=&#8220;{}&#8220;]<\/p>\n<h3 class=\"team-member-headline\">Milene Oliveira<\/h3>\n<p>Wissenschaftlerin an der Uni Potsdam. Besch\u00e4ftigt sich mit verschiedenen Aspekten der digitalen Interkulturalit\u00e4t und Englisch als Lingua Franca in Online-Kommunikation. Mutter von 2. Brasilianerin. Glaubt an die Kraft des Wissens UND Freundlichkeit.<\/p>\n<p><img decoding=\"async\" loading=\"lazy\" class=\"wp-image-1975 alignnone size-full\" src=\"https:\/\/redico.eu\/wp-content\/uploads\/2025\/03\/Screenshot-2025-03-03-125948.png\" alt=\"\" width=\"261\" height=\"23\" \/><br \/><strong>LinkedIn <a href=\"https:\/\/www.linkedin.com\/in\/milene-oliveira-4a5aa38a\/\" target=\"_blank\" rel=\"noopener\">Milene Oliveira, PhD<\/a><\/strong><\/p>\n<p>[\/et_pb_text][et_pb_toggle title=&#8220;Erfahren Sie mehr \u00fcber Milene&#8220; module_class=&#8220;toggle_team_member&#8220; _builder_version=&#8220;4.27.2&#8243; _module_preset=&#8220;default&#8220; global_colors_info=&#8220;{}&#8220;]<\/p>\n<p>Dr. Milene Oliveira ist Wissenschaftlerin und Linguistin, die sich seit ihrem Masterstudium in Brasilien mit Interkulturalit\u00e4t aus einer angewandten linguistischen Perspektive besch\u00e4ftigt. Sie hat an der Universit\u00e4t Potsdam promoviert, wo sie sich mit dem Verhandlungsmanagement in Englisch als Lingua franca besch\u00e4ftigt hat und das Buch \u201eBusiness Negotiations in ELF from a Cultural Linguistic Perspective\u201d in der Reihe Application of Cognitive Linguistics (De Gruyter) ver\u00f6ffentlicht hat. Ihre aktuelle Arbeit dreht sich weiterhin um die Verwendung der englischen Sprache als Lingua franca in der Online-Welt. <\/p>\n<p>[\/et_pb_toggle][\/et_pb_column][\/et_pb_row][et_pb_row _builder_version=&#8220;4.27.2&#8243; _module_preset=&#8220;default&#8220; global_colors_info=&#8220;{}&#8220;][et_pb_column type=&#8220;4_4&#8243; _builder_version=&#8220;4.27.2&#8243; _module_preset=&#8220;default&#8220; global_colors_info=&#8220;{}&#8220;][et_pb_divider color=&#8220;#000000&#8243; _builder_version=&#8220;4.27.2&#8243; _module_preset=&#8220;default&#8220; global_colors_info=&#8220;{}&#8220;][\/et_pb_divider][\/et_pb_column][\/et_pb_row][et_pb_row column_structure=&#8220;1_4,3_4&#8243; use_custom_gutter=&#8220;on&#8220; gutter_width=&#8220;2&#8243; _builder_version=&#8220;4.16&#8243; _module_preset=&#8220;default&#8220; custom_margin=&#8220;0px||||false|false&#8220; locked=&#8220;off&#8220; global_colors_info=&#8220;{}&#8220;][et_pb_column type=&#8220;1_4&#8243; _builder_version=&#8220;4.16&#8243; _module_preset=&#8220;default&#8220; global_colors_info=&#8220;{}&#8220;][et_pb_image src=&#8220;https:\/\/redico.eu\/wp-content\/uploads\/2022\/04\/BIlder-Website_Lymortest.png&#8220; title_text=&#8220;BIlder Website_Lymortest&#8220; _builder_version=&#8220;4.16.0&#8243; _module_preset=&#8220;default&#8220; global_colors_info=&#8220;{}&#8220;][\/et_pb_image][et_pb_divider color=&#8220;RGBA(255,255,255,0)&#8220; _builder_version=&#8220;4.27.2&#8243; _module_preset=&#8220;default&#8220; global_colors_info=&#8220;{}&#8220;][\/et_pb_divider][\/et_pb_column][et_pb_column type=&#8220;3_4&#8243; _builder_version=&#8220;4.16&#8243; _module_preset=&#8220;default&#8220; global_colors_info=&#8220;{}&#8220;][et_pb_text _builder_version=&#8220;4.27.2&#8243; _module_preset=&#8220;default&#8220; hover_enabled=&#8220;0&#8243; global_colors_info=&#8220;{}&#8220; sticky_enabled=&#8220;0&#8243;]<\/p>\n<h3 class=\"team-member-headline\">Lymor Wolf Goldstein<\/h3>\n<p>Menschenrechtsanwalt und Rechercheur. Projektmanager. Internationale Projektentwicklung und mehrsprachige \u00d6ffentlichkeitsarbeit.<\/p>\n<p><strong>LinkedIn <a href=\"https:\/\/www.linkedin.com\/in\/lymor-goldstein-bb479b311\/\" target=\"_blank\" rel=\"noopener\">Lymor Wolf Goldstein<\/a><\/strong><\/p>\n<p>[\/et_pb_text][\/et_pb_column][\/et_pb_row][\/et_pb_section][et_pb_section fb_built=&#8220;1&#8243; admin_label=&#8220;Netzwerk-Section&#8220; module_class=&#8220;bg-gradient-team dark-bg&#8220; _builder_version=&#8220;4.27.2&#8243; _module_preset=&#8220;default&#8220; background_enable_color=&#8220;off&#8220; background_color_gradient_direction=&#8220;45deg&#8220; custom_padding=&#8220;75px||25px||false|false&#8220; global_colors_info=&#8220;{}&#8220;][et_pb_row column_structure=&#8220;1_2,1_2&#8243; use_custom_gutter=&#8220;on&#8220; gutter_width=&#8220;2&#8243; make_equal=&#8220;on&#8220; _builder_version=&#8220;4.16&#8243; _module_preset=&#8220;default&#8220; custom_margin=&#8220;||||false|false&#8220; custom_padding=&#8220;||70px||false|false&#8220; global_colors_info=&#8220;{}&#8220;][et_pb_column type=&#8220;1_2&#8243; _builder_version=&#8220;4.16&#8243; _module_preset=&#8220;default&#8220; custom_css_main_element=&#8220;margin:auto;&#8220; global_colors_info=&#8220;{}&#8220;][et_pb_text admin_label=&#8220;Headline&#8220; _builder_version=&#8220;4.16&#8243; _module_preset=&#8220;default&#8220; global_colors_info=&#8220;{}&#8220;]<\/p>\n<h2>Netzwerk<\/h2>\n<p>[\/et_pb_text][\/et_pb_column][et_pb_column type=&#8220;1_2&#8243; _builder_version=&#8220;4.16&#8243; _module_preset=&#8220;default&#8220; custom_css_main_element=&#8220;margin:auto;&#8220; global_colors_info=&#8220;{}&#8220;][et_pb_image src=&#8220;https:\/\/redico.eu\/wp-content\/uploads\/2021\/06\/line-art-network.svg&#8220; title_text=&#8220;line-art-network&#8220; _builder_version=&#8220;4.16&#8243; _module_preset=&#8220;default&#8220; custom_margin=&#8220;||||false|false&#8220; global_colors_info=&#8220;{}&#8220;][\/et_pb_image][\/et_pb_column][\/et_pb_row][et_pb_row _builder_version=&#8220;4.27.2&#8243; _module_preset=&#8220;default&#8220; global_colors_info=&#8220;{}&#8220;][et_pb_column type=&#8220;4_4&#8243; _builder_version=&#8220;4.27.2&#8243; _module_preset=&#8220;default&#8220; global_colors_info=&#8220;{}&#8220;][et_pb_divider color=&#8220;RGBA(255,255,255,0)&#8220; _builder_version=&#8220;4.27.2&#8243; _module_preset=&#8220;default&#8220; global_colors_info=&#8220;{}&#8220;][\/et_pb_divider][\/et_pb_column][\/et_pb_row][\/et_pb_section][et_pb_section fb_built=&#8220;1&#8243; _builder_version=&#8220;4.16&#8243; _module_preset=&#8220;default&#8220; global_colors_info=&#8220;{}&#8220;][et_pb_row _builder_version=&#8220;4.27.2&#8243; _module_preset=&#8220;default&#8220; custom_padding=&#8220;50px||||false|false&#8220; global_colors_info=&#8220;{}&#8220;][et_pb_column type=&#8220;4_4&#8243; _builder_version=&#8220;4.16&#8243; _module_preset=&#8220;default&#8220; global_colors_info=&#8220;{}&#8220;][et_pb_text admin_label=&#8220;H3-Headline and Text&#8220; _builder_version=&#8220;4.16&#8243; _module_preset=&#8220;default&#8220; custom_margin=&#8220;||30px||false|false&#8220; global_colors_info=&#8220;{}&#8220;]<\/p>\n<h3>Hochschulverband f\u00fcr Interkulturelle Studien (IKS)<\/h3>\n<p>Das <a href=\"http:\/\/ik-studien.de\/iks\/\" target=\"_blank\" rel=\"noopener\">Netzwerk<\/a> f\u00fcr interkulturelle Forschung und Lehre in Deutschland.<\/p>\n<p>[\/et_pb_text][et_pb_text admin_label=&#8220;H3-Headline and Text&#8220; _builder_version=&#8220;4.16&#8243; _module_preset=&#8220;default&#8220; custom_margin=&#8220;||30px||false|false&#8220; global_colors_info=&#8220;{}&#8220;]<\/p>\n<h3>Gesellschaft f\u00fcr Angewandte Linguistik (GAL)<\/h3>\n<p>Das <a href=\"https:\/\/gal-ev.de\/sektionen\/interkulturelle-kommunikation\/\" target=\"_blank\" rel=\"noopener\">deutschsprachige Netzwerk <\/a> f\u00fcr Angewandte Linguistik. Es gibt auch eine Sektion, die sich mit interkultureller Kommunikation befasst.<\/p>\n<p>[\/et_pb_text][et_pb_text admin_label=&#8220;H3-Headline and Text&#8220; _builder_version=&#8220;4.27.2&#8243; _module_preset=&#8220;default&#8220; custom_margin=&#8220;||30px||false|false&#8220; global_colors_info=&#8220;{}&#8220;]<\/p>\n<h3>Center for Intercultural Dialogue (CID)<\/h3>\n<p><a href=\"https:\/\/centerforinterculturaldialogue.org\/\" target=\"_blank\" rel=\"noopener\">CID Webseite<\/a><\/p>\n<p>[\/et_pb_text][et_pb_text admin_label=&#8220;H3-Headline and Text&#8220; _builder_version=&#8220;4.27.2&#8243; _module_preset=&#8220;default&#8220; custom_margin=&#8220;||30px||false|false&#8220; global_colors_info=&#8220;{}&#8220;]<\/p>\n<h3>Initiative for Digital Public Infrastructure at UMass Amherst (iDPI)<\/h3>\n<p><a href=\"https:\/\/publicinfrastructure.org\/\" target=\"_blank\" rel=\"noopener\">iDPI Webseite<\/a><\/p>\n<p>[\/et_pb_text][et_pb_text admin_label=&#8220;H3-Headline and Text&#8220; _builder_version=&#8220;4.27.2&#8243; _module_preset=&#8220;default&#8220; custom_margin=&#8220;||30px||false|false&#8220; global_colors_info=&#8220;{}&#8220;]<\/p>\n<h3>Red Latinoamericana de Antropolog\u00eda Digital (RELOAD)<\/h3>\n<p><a href=\"https:\/\/sites.google.com\/view\/antropologiadigital\/inicio\" target=\"_blank\" rel=\"noopener\">RELOAD Webseite<\/a><\/p>\n<p>[\/et_pb_text][et_pb_text admin_label=&#8220;H3-Headline and Text&#8220; _builder_version=&#8220;4.27.2&#8243; _module_preset=&#8220;default&#8220; custom_margin=&#8220;||30px||false|false&#8220; global_colors_info=&#8220;{}&#8220;]<\/p>\n<h3>Gesellschaft f\u00fcr Medienp\u00e4dagogik und Kommunikationskultur (GMK)<\/h3>\n<p><a href=\"https:\/\/www.gmk-net.de\/\" target=\"_blank\" rel=\"noopener\">GMK Webseite<\/a><\/p>\n<p>[\/et_pb_text][et_pb_text admin_label=&#8220;H3-Headline and Text&#8220; _builder_version=&#8220;4.27.2&#8243; _module_preset=&#8220;default&#8220; custom_margin=&#8220;||30px||false|false&#8220; global_colors_info=&#8220;{}&#8220;]<\/p>\n<h3>KomRex Zentrum f\u00fcr Rechtsextremismusforschung, Demokratiebildung und gesellschaftliche Integration<\/h3>\n<p><a href=\"https:\/\/www.komrex.uni-jena.de\/\" target=\"_blank\" rel=\"noopener\">Komrex Webseite<\/a><\/p>\n<p>[\/et_pb_text][et_pb_text admin_label=&#8220;H3-Headline and Text&#8220; _builder_version=&#8220;4.27.2&#8243; _module_preset=&#8220;default&#8220; custom_margin=&#8220;||30px||false|false&#8220; global_colors_info=&#8220;{}&#8220;]<\/p>\n<h3>Research Lab on Postdigital (Inter)Culturality \/ Juniorprofessur Interkulturelle Praxis mit dem Schwerpunkt digitale Kulturen an der Technischen Universit\u00e4t Chemnitz<\/h3>\n<p><a href=\"https:\/\/www.tu-chemnitz.de\/phil\/ifgk\/ikt\/\" target=\"_blank\" rel=\"noopener\">Webseite der Juniorprofessur<\/a><\/p>\n<p>[\/et_pb_text][et_pb_divider color=&#8220;#0D2743&#8243; divider_weight=&#8220;2px&#8220; _builder_version=&#8220;4.16&#8243; _module_preset=&#8220;default&#8220; custom_margin=&#8220;||||false|false&#8220; custom_padding=&#8220;20px||20px||false|false&#8220; global_colors_info=&#8220;{}&#8220;][\/et_pb_divider][\/et_pb_column][\/et_pb_row][\/et_pb_section]<\/p>\n","protected":false},"excerpt":{"rendered":"<p>Team &#038; NetzwerkDiese Personen bilden den Kern von ReDICoFergal Lenehan Wissenschaftler. Untersucht Kosmopolitismus und neo-nationalistischen Diskurs, online. Mitherausgeber von \u201cReclaiming the European Street\u201d von Michael D. Higgins, Uachtar\u00e1n Na h\u00c9ireann. Dad. Sozialer Europ\u00e4ismus. Hurling. Postet gerne Bilder von D\u00e4chern. Bluesky @fergallenehan.bsky.socialFergal Lenehan forscht seit seinem Bachelorabschluss am University College Dublin zu Geistesgeschichte und Kulturwissenschaften. Nach [&hellip;]<\/p>\n","protected":false},"author":1,"featured_media":0,"parent":0,"menu_order":5,"comment_status":"closed","ping_status":"closed","template":"","meta":{"_et_pb_use_builder":"on","_et_pb_old_content":"","_et_gb_content_width":"","footnotes":""},"_links":{"self":[{"href":"https:\/\/redico.eu\/de\/wp-json\/wp\/v2\/pages\/1068"}],"collection":[{"href":"https:\/\/redico.eu\/de\/wp-json\/wp\/v2\/pages"}],"about":[{"href":"https:\/\/redico.eu\/de\/wp-json\/wp\/v2\/types\/page"}],"author":[{"embeddable":true,"href":"https:\/\/redico.eu\/de\/wp-json\/wp\/v2\/users\/1"}],"replies":[{"embeddable":true,"href":"https:\/\/redico.eu\/de\/wp-json\/wp\/v2\/comments?post=1068"}],"version-history":[{"count":37,"href":"https:\/\/redico.eu\/de\/wp-json\/wp\/v2\/pages\/1068\/revisions"}],"predecessor-version":[{"id":6046,"href":"https:\/\/redico.eu\/de\/wp-json\/wp\/v2\/pages\/1068\/revisions\/6046"}],"wp:attachment":[{"href":"https:\/\/redico.eu\/de\/wp-json\/wp\/v2\/media?parent=1068"}],"curies":[{"name":"wp","href":"https:\/\/api.w.org\/{rel}","templated":true}]}}