{"id":1119,"date":"2021-06-29T14:11:40","date_gmt":"2021-06-29T12:11:40","guid":{"rendered":"https:\/\/redico.eu\/datenschutz\/"},"modified":"2021-07-23T10:24:39","modified_gmt":"2021-07-23T08:24:39","slug":"datenschutz","status":"publish","type":"page","link":"https:\/\/redico.eu\/de\/datenschutz\/","title":{"rendered":"Datenschutz"},"content":{"rendered":"<p>[et_pb_section fb_built=&#8220;1&#8243; _builder_version=&#8220;4.9.4&#8243; _module_preset=&#8220;default&#8220; custom_padding=&#8220;50px||50px||false|false&#8220;][et_pb_row _builder_version=&#8220;4.9.4&#8243; _module_preset=&#8220;default&#8220; custom_margin=&#8220;||75px||false|false&#8220;][et_pb_column type=&#8220;4_4&#8243; _builder_version=&#8220;4.9.4&#8243; _module_preset=&#8220;default&#8220;][et_pb_text admin_label=&#8220;Headline&#8220; _builder_version=&#8220;4.9.4&#8243; _module_preset=&#8220;default&#8220;]<\/p>\n<h1>Datenschutzerkl\u00e4rung<\/h1>\n<p>[\/et_pb_text][et_pb_text _builder_version=&#8220;4.9.4&#8243; _module_preset=&#8220;default&#8220;]<\/p>\n<p>Als Projekt der Universit\u00e4t Jena wird diese Website auf einem Server der Friedrich-Schiller-Universit\u00e4t Jena gehostet. Wir verweisen auf die g\u00fcltige Datenschutzerkl\u00e4rung der FSU: <a href=\"https:\/\/www.uni-jena.de\/datenschutz\">https:\/\/www.uni-jena.de\/datenschutz<\/a><\/p>\n<p>Diese Website nutzt Matomo (Piwik), eine Software zur statistischen Auswertung der Zugriffe von Seitenbesuchern. Matomo verwendet sogenannte Cookies. Dies sind Textdateien, die auf Ihrem Computer gespeichert werden und erm\u00f6glichen, die Benutzung der Website durch Sie zu analysieren. Auch wenn Sie auf <a href=\"https:\/\/www.uni-jena.de\/datenschutz\">https:\/\/www.uni-jena.de\/datenschutz<\/a> bereits ausgew\u00e4hlt haben sollten, ob Ihr Besuch auf Webseiten der Friedrich-Schiller-Universit\u00e4t vom Webanalysetool Matomo (Piwik) erfasst werden soll, m\u00fcssen Sie Ihre Auswahl hier erneut treffen, wenn Sie nicht m\u00f6chten, dass Ihr Besuch auf redico.eu erfasst wird<\/p>\n<a href=\"#\" class=\"_brlbs-btn-cookie-preference borlabs-cookie-preference\">Cookie Einstellungen \u00e4ndern<\/a>\n<p>[\/et_pb_text][\/et_pb_column][\/et_pb_row][\/et_pb_section]<\/p>\n","protected":false},"excerpt":{"rendered":"<p>Datenschutzerkl\u00e4rungAls Projekt der Universit\u00e4t Jena wird diese Website auf einem Server der Friedrich-Schiller-Universit\u00e4t Jena gehostet. Wir verweisen auf die g\u00fcltige Datenschutzerkl\u00e4rung der FSU: https:\/\/www.uni-jena.de\/datenschutz Diese Website nutzt Matomo (Piwik), eine Software zur statistischen Auswertung der Zugriffe von Seitenbesuchern. Matomo verwendet sogenannte Cookies. Dies sind Textdateien, die auf Ihrem Computer gespeichert werden und erm\u00f6glichen, die Benutzung [&hellip;]<\/p>\n","protected":false},"author":1,"featured_media":0,"parent":0,"menu_order":0,"comment_status":"closed","ping_status":"closed","template":"","meta":{"_et_pb_use_builder":"on","_et_pb_old_content":"","_et_gb_content_width":"","footnotes":""},"_links":{"self":[{"href":"https:\/\/redico.eu\/de\/wp-json\/wp\/v2\/pages\/1119"}],"collection":[{"href":"https:\/\/redico.eu\/de\/wp-json\/wp\/v2\/pages"}],"about":[{"href":"https:\/\/redico.eu\/de\/wp-json\/wp\/v2\/types\/page"}],"author":[{"embeddable":true,"href":"https:\/\/redico.eu\/de\/wp-json\/wp\/v2\/users\/1"}],"replies":[{"embeddable":true,"href":"https:\/\/redico.eu\/de\/wp-json\/wp\/v2\/comments?post=1119"}],"version-history":[{"count":3,"href":"https:\/\/redico.eu\/de\/wp-json\/wp\/v2\/pages\/1119\/revisions"}],"predecessor-version":[{"id":1343,"href":"https:\/\/redico.eu\/de\/wp-json\/wp\/v2\/pages\/1119\/revisions\/1343"}],"wp:attachment":[{"href":"https:\/\/redico.eu\/de\/wp-json\/wp\/v2\/media?parent=1119"}],"curies":[{"name":"wp","href":"https:\/\/api.w.org\/{rel}","templated":true}]}}