{"id":986,"date":"2021-06-25T10:30:47","date_gmt":"2021-06-25T08:30:47","guid":{"rendered":"https:\/\/redico.eu\/?page_id=986"},"modified":"2024-12-10T14:45:33","modified_gmt":"2024-12-10T13:45:33","slug":"impressum","status":"publish","type":"page","link":"https:\/\/redico.eu\/de\/impressum\/","title":{"rendered":"Impressum"},"content":{"rendered":"<p>[et_pb_section fb_built=&#8220;1&#8243; _builder_version=&#8220;4.16&#8243; _module_preset=&#8220;default&#8220; custom_padding=&#8220;50px||50px||false|false&#8220; global_colors_info=&#8220;{}&#8220;][et_pb_row admin_label=&#8220;Row&#8220; _builder_version=&#8220;4.16&#8243; _module_preset=&#8220;default&#8220; custom_margin=&#8220;||75px||false|false&#8220; global_colors_info=&#8220;{}&#8220;][et_pb_column type=&#8220;4_4&#8243; _builder_version=&#8220;4.16&#8243; _module_preset=&#8220;default&#8220; global_colors_info=&#8220;{}&#8220;][et_pb_text admin_label=&#8220;Headline&#8220; _builder_version=&#8220;4.16&#8243; _module_preset=&#8220;default&#8220; global_colors_info=&#8220;{}&#8220;]<\/p>\n<h1>Impressum<\/h1>\n<p>[\/et_pb_text][et_pb_text _builder_version=&#8220;4.27.2&#8243; _module_preset=&#8220;default&#8220; hover_enabled=&#8220;0&#8243; global_colors_info=&#8220;{}&#8220; sticky_enabled=&#8220;0&#8243;]<\/p>\n<p><strong>Rechtliche Hinweise<\/strong><br \/>Friedrich-Schiller-Universit\u00e4t Jena<br \/>Der Pr\u00e4sident<br \/>F\u00fcrstengraben 1<br \/>07743 Jena<br \/>Zentrale Telefonnummer \/ Auskunft<br \/>03641\/9300<\/p>\n<p>Die Friedrich-Schiller-Universit\u00e4t Jena ist eine K\u00f6rperschaft des \u00d6ffentlichen Rechts.<br \/>Sie wird durch ihren Pr\u00e4sidenten Prof. Dr. Andreas Marx gesetzlich vertreten.<\/p>\n<p>Umsatzsteueridentifikations-Nr. nach \u00a7 27a UStG:<br \/>DE 150546536<\/p>\n<p><strong>Aufsichtsbeh\u00f6rde<\/strong><br \/>Th\u00fcringer Ministerium f\u00fcr Wirtschaft, Wissenschaft und Digitale Gesellschaft<br \/>Max-Reger-Stra\u00dfe 4 \u2013 8<br \/>99096 Erfurt<\/p>\n<p><strong>Herausgeber<\/strong><\/p>\n<p>PD Dr. Fergal Lenehan &amp; Dr. Luisa Conti<br \/>Friedrich-Schiller-Universit\u00e4t Jena<br \/>Interkulturelle Wirtschaftskommunikation<br \/>Ernst-Abbe-Platz 8<br \/>07743 Jena<\/p>\n<p><strong>Redaktionelle Beteiligung<\/strong><\/p>\n<p>Dr. Roman Lietz<br \/>Johannes Gutenberg-Universit\u00e4t Mainz<br \/>Fachbereich Translations-, Sprach- und Kulturwissenschaft<br \/>An der Hochschule 2<br \/>76726 Germersheim<\/p>\n<p>Dr. Milene Mendes de Oliveira<br \/>Universit\u00e4t Potsdam<br \/>Institut f\u00fcr Anglistik und Amerikanistik<br \/>Karl-Liebknecht-Str. 24-25<br \/>14476 Potsdam<\/p>\n<p><strong>Design + Entwicklung<\/strong><br \/>S\u00f6ren Lindner<br \/>Berliner Stra\u00dfe 76<br \/>07545 Gera<br \/>E-Mail: info(at)lindner-design.de<br \/>Telefon: +49 (0)172 1892508<br \/><a href=\"https:\/\/www.lindner-design.de\" target=\"_blank\" rel=\"noopener\">www.lindner-design.de<\/a><\/p>\n<p><strong>Programmierung<\/strong><br \/>stm systems<br \/>Stefan Miletzki<br \/>Zittauer Str. 27<br \/>99091 Erfurt<br \/>E-Mail: info(at)stm-systems.de<br \/>Telefon: +49 (0) 361 55 199 710<br \/><a href=\"https:\/\/www.stm-systems.de\" target=\"_blank\" rel=\"noopener\">www.stm-systems.de<\/a><\/p>\n<p><strong>Illustrationen<\/strong><br \/>&#8211; \u00a9Yury Shchipakin (Onlinestock.com)<br \/>&#8211; \u00a9Chantal Wywiol<br \/>&#8211; \u00a9twiri &#8211; https:\/\/elements.envato.com\/<\/p>\n<p><strong>Foto<br \/><\/strong>&#8211; \u00a9leungchopan &#8211; https:\/\/elements.envato.com<strong><br \/><\/strong><\/p>\n<p><strong>Haftung f\u00fcr Inhalte<\/strong><br \/>Die Inhalte unserer Seiten wurden mit gr\u00f6\u00dfter Sorgfalt erstellt. F\u00fcr die Richtigkeit, Vollst\u00e4ndigkeit und Aktualit\u00e4t der Inhalte k\u00f6nnen wir jedoch keine Gew\u00e4hr \u00fcbernehmen.<br \/>Unser Angebot enth\u00e4lt Links zu externen Webseiten Dritter, auf deren Inhalte wir keinen Einfluss haben. Deshalb k\u00f6nnen wir f\u00fcr diese fremden Inhalte auch keine Gew\u00e4hr \u00fcbernehmen. F\u00fcr die Inhalte der verlinkten Seiten ist stets der jeweilige Anbieter oder Betreiber der Seiten verantwortlich. Die verlinkten Seiten wurden zum Zeitpunkt der Verlinkung auf m\u00f6gliche Rechtsverst\u00f6\u00dfe \u00fcberpr\u00fcft. Rechtswidrige Inhalte waren zum Zeitpunkt der Verlinkung nicht erkennbar. Eine permanente inhaltliche Kontrolle der verlinkten Seiten ist jedoch ohne konkrete Anhaltspunkte einer Rechtsverletzung nicht zumutbar. Bei bekannt werden von Rechtsverletzungen werden wir derartige Links umgehend entfernen.<\/p>\n<p><strong>Urheberrecht<\/strong><br \/>Die Betreiber der Seiten sind bem\u00fcht, stets die Urheberrechte anderer zu beachten bzw. auf selbst erstellte sowie lizenzfreie Werke zur\u00fcckzugreifen.<br \/>Die durch die Seitenbetreiber erstellten Inhalte und Werke auf diesen Seiten unterliegen dem deutschen Urheberrecht. Beitr\u00e4ge Dritter sind als solche gekennzeichnet. Die Vervielf\u00e4ltigung, Bearbeitung, Verbreitung und jede Art der Verwertung au\u00dferhalb der Grenzen des Urheberrechtes bed\u00fcrfen der schriftlichen Zustimmung des jeweiligen Autors bzw. Erstellers. Downloads und Kopien dieser Seite sind nur f\u00fcr den privaten, nicht kommerziellen Gebrauch gestattet.<\/p>\n<p>Das Projekt ReDICo (Researching Digital Interculturality Co-operatively) wird vom 1. November 2020 bis zum 31. Oktober 2024 vom Bundesministerium f\u00fcr Bildung und Forschung im Rahmen des Programms \u201eKleine F\u00e4cher \u2013 Zusammen Stark\u201c gef\u00f6rdert.<\/p>\n<p>&nbsp;<\/p>\n<p>[\/et_pb_text][\/et_pb_column][\/et_pb_row][\/et_pb_section]<\/p>\n","protected":false},"excerpt":{"rendered":"<p>ImpressumRechtliche HinweiseFriedrich-Schiller-Universit\u00e4t JenaDer Pr\u00e4sidentF\u00fcrstengraben 107743 JenaZentrale Telefonnummer \/ Auskunft03641\/9300 Die Friedrich-Schiller-Universit\u00e4t Jena ist eine K\u00f6rperschaft des \u00d6ffentlichen Rechts.Sie wird durch ihren Pr\u00e4sidenten Prof. Dr. Andreas Marx gesetzlich vertreten. Umsatzsteueridentifikations-Nr. nach \u00a7 27a UStG:DE 150546536 Aufsichtsbeh\u00f6rdeTh\u00fcringer Ministerium f\u00fcr Wirtschaft, Wissenschaft und Digitale GesellschaftMax-Reger-Stra\u00dfe 4 \u2013 899096 Erfurt Herausgeber PD Dr. Fergal Lenehan &amp; Dr. Luisa ContiFriedrich-Schiller-Universit\u00e4t [&hellip;]<\/p>\n","protected":false},"author":1,"featured_media":0,"parent":0,"menu_order":0,"comment_status":"closed","ping_status":"closed","template":"","meta":{"_et_pb_use_builder":"on","_et_pb_old_content":"","_et_gb_content_width":"","footnotes":""},"_links":{"self":[{"href":"https:\/\/redico.eu\/de\/wp-json\/wp\/v2\/pages\/986"}],"collection":[{"href":"https:\/\/redico.eu\/de\/wp-json\/wp\/v2\/pages"}],"about":[{"href":"https:\/\/redico.eu\/de\/wp-json\/wp\/v2\/types\/page"}],"author":[{"embeddable":true,"href":"https:\/\/redico.eu\/de\/wp-json\/wp\/v2\/users\/1"}],"replies":[{"embeddable":true,"href":"https:\/\/redico.eu\/de\/wp-json\/wp\/v2\/comments?post=986"}],"version-history":[{"count":8,"href":"https:\/\/redico.eu\/de\/wp-json\/wp\/v2\/pages\/986\/revisions"}],"predecessor-version":[{"id":4908,"href":"https:\/\/redico.eu\/de\/wp-json\/wp\/v2\/pages\/986\/revisions\/4908"}],"wp:attachment":[{"href":"https:\/\/redico.eu\/de\/wp-json\/wp\/v2\/media?parent=986"}],"curies":[{"name":"wp","href":"https:\/\/api.w.org\/{rel}","templated":true}]}}